{"id":11887,"date":"2026-01-13T18:32:45","date_gmt":"2026-01-13T17:32:45","guid":{"rendered":"https:\/\/queenzdz.com\/?post_type=product&#038;p=11887"},"modified":"2026-04-16T10:08:53","modified_gmt":"2026-04-16T09:08:53","slug":"manteau-alice-ecru-2","status":"publish","type":"product","link":"https:\/\/queenzdz.com\/index.php\/product\/manteau-alice-ecru-2\/","title":{"rendered":"Manteau Alice &#8211; Ecru"},"content":{"rendered":"","protected":false},"excerpt":{"rendered":"<p>Caract\u00e9ristiques du produit :<br \/>\n MANTEAU LONG \u00c0 MANCHES LONGUES, COL \u00c0 VOLANTS, OUVERT \u00c0 L&#8217;AVANT, AVEC POIGNETS ET CEINTURE, DOUBL\u00c9 \u00c0 L&#8217;INT\u00c9RIEUR.<br \/>\nCoupe oversize.<br \/>\nLongueur: 126cm<br \/>\nTaille 1: 36 39 40<br \/>\nTaille 2: 42 44 46<\/p>\n<p>taille port\u00e9 par le mannequin: Taille 1<\/p>\n","protected":false},"featured_media":6545,"template":"","meta":[],"product_brand":[],"product_cat":[18,31,25],"product_tag":[],"class_list":{"0":"post-11887","1":"product","2":"type-product","3":"status-publish","4":"has-post-thumbnail","6":"product_cat-new-arrivals","7":"product_cat-coats-and-jackets","8":"product_cat-tops","10":"first","11":"instock","12":"purchasable","13":"product-type-variable","14":"has-default-attributes"},"aioseo_notices":[],"_links":{"self":[{"href":"https:\/\/queenzdz.com\/index.php\/wp-json\/wp\/v2\/product\/11887","targetHints":{"allow":["GET"]}}],"collection":[{"href":"https:\/\/queenzdz.com\/index.php\/wp-json\/wp\/v2\/product"}],"about":[{"href":"https:\/\/queenzdz.com\/index.php\/wp-json\/wp\/v2\/types\/product"}],"version-history":[{"count":1,"href":"https:\/\/queenzdz.com\/index.php\/wp-json\/wp\/v2\/product\/11887\/revisions"}],"predecessor-version":[{"id":11896,"href":"https:\/\/queenzdz.com\/index.php\/wp-json\/wp\/v2\/product\/11887\/revisions\/11896"}],"wp:featuredmedia":[{"embeddable":true,"href":"https:\/\/queenzdz.com\/index.php\/wp-json\/wp\/v2\/media\/6545"}],"wp:attachment":[{"href":"https:\/\/queenzdz.com\/index.php\/wp-json\/wp\/v2\/media?parent=11887"}],"wp:term":[{"taxonomy":"product_brand","embeddable":true,"href":"https:\/\/queenzdz.com\/index.php\/wp-json\/wp\/v2\/product_brand?post=11887"},{"taxonomy":"product_cat","embeddable":true,"href":"https:\/\/queenzdz.com\/index.php\/wp-json\/wp\/v2\/product_cat?post=11887"},{"taxonomy":"product_tag","embeddable":true,"href":"https:\/\/queenzdz.com\/index.php\/wp-json\/wp\/v2\/product_tag?post=11887"}],"curies":[{"name":"wp","href":"https:\/\/api.w.org\/{rel}","templated":true}]}}