{"id":11903,"date":"2026-01-16T14:49:32","date_gmt":"2026-01-16T13:49:32","guid":{"rendered":"https:\/\/queenzdz.com\/?post_type=product&#038;p=11903"},"modified":"2026-04-03T23:26:57","modified_gmt":"2026-04-03T22:26:57","slug":"manteau-tokyo-burgundy","status":"publish","type":"product","link":"https:\/\/queenzdz.com\/index.php\/product\/manteau-tokyo-burgundy\/","title":{"rendered":"Manteau Tokyo"},"content":{"rendered":"","protected":false},"excerpt":{"rendered":"<p>Cachemire doubl\u00e9 High Quality made in Turkey<\/p>\n<p>Longueur du produit : 116 cm (les tailles peuvent diff\u00e9rer de 1 \u00e0 3 cm)<\/p>\n<p>Dimensions du mannequin :<\/p>\n<p>Hauteur : 165 cm<br \/>\nPoids : 50 kg<\/p>\n<p>La taille S a \u00e9t\u00e9 utilis\u00e9e dans le shooting.<\/p>\n","protected":false},"featured_media":5751,"template":"","meta":[],"product_brand":[],"product_cat":[18,31,25],"product_tag":[],"class_list":{"0":"post-11903","1":"product","2":"type-product","3":"status-publish","4":"has-post-thumbnail","6":"product_cat-new-arrivals","7":"product_cat-coats-and-jackets","8":"product_cat-tops","10":"first","11":"instock","12":"sale","13":"purchasable","14":"product-type-variable","15":"has-default-attributes"},"aioseo_notices":[],"_links":{"self":[{"href":"https:\/\/queenzdz.com\/index.php\/wp-json\/wp\/v2\/product\/11903","targetHints":{"allow":["GET"]}}],"collection":[{"href":"https:\/\/queenzdz.com\/index.php\/wp-json\/wp\/v2\/product"}],"about":[{"href":"https:\/\/queenzdz.com\/index.php\/wp-json\/wp\/v2\/types\/product"}],"version-history":[{"count":2,"href":"https:\/\/queenzdz.com\/index.php\/wp-json\/wp\/v2\/product\/11903\/revisions"}],"predecessor-version":[{"id":12207,"href":"https:\/\/queenzdz.com\/index.php\/wp-json\/wp\/v2\/product\/11903\/revisions\/12207"}],"wp:featuredmedia":[{"embeddable":true,"href":"https:\/\/queenzdz.com\/index.php\/wp-json\/wp\/v2\/media\/5751"}],"wp:attachment":[{"href":"https:\/\/queenzdz.com\/index.php\/wp-json\/wp\/v2\/media?parent=11903"}],"wp:term":[{"taxonomy":"product_brand","embeddable":true,"href":"https:\/\/queenzdz.com\/index.php\/wp-json\/wp\/v2\/product_brand?post=11903"},{"taxonomy":"product_cat","embeddable":true,"href":"https:\/\/queenzdz.com\/index.php\/wp-json\/wp\/v2\/product_cat?post=11903"},{"taxonomy":"product_tag","embeddable":true,"href":"https:\/\/queenzdz.com\/index.php\/wp-json\/wp\/v2\/product_tag?post=11903"}],"curies":[{"name":"wp","href":"https:\/\/api.w.org\/{rel}","templated":true}]}}