{"id":5750,"date":"2024-10-09T20:04:40","date_gmt":"2024-10-09T19:04:40","guid":{"rendered":"https:\/\/queenzdz.com\/?post_type=product&#038;p=5750"},"modified":"2025-11-01T00:14:55","modified_gmt":"2025-10-31T23:14:55","slug":"mnteau-tokyo-cerise","status":"publish","type":"product","link":"https:\/\/queenzdz.com\/index.php\/product\/mnteau-tokyo-cerise\/","title":{"rendered":"Manteau Tokyo &#8211; Cerise"},"content":{"rendered":"","protected":false},"excerpt":{"rendered":"<p>Cachemire doubl\u00e9 High Quality made in Turkey<\/p>\n<p>Longueur du produit : 116 cm (les tailles peuvent diff\u00e9rer de 1 \u00e0 3 cm)<\/p>\n<p>Dimensions du mannequin :<\/p>\n<p>Hauteur : 165 cm<br \/>\nPoids : 50 kg<\/p>\n<p>La taille S a \u00e9t\u00e9 utilis\u00e9e dans le shooting.<\/p>\n","protected":false},"featured_media":5751,"template":"","meta":[],"product_brand":[],"product_cat":[31,25],"product_tag":[],"class_list":{"0":"post-5750","1":"product","2":"type-product","3":"status-publish","4":"has-post-thumbnail","6":"product_cat-coats-and-jackets","7":"product_cat-tops","9":"first","10":"outofstock","11":"purchasable","12":"product-type-variable","13":"has-default-attributes"},"aioseo_notices":[],"_links":{"self":[{"href":"https:\/\/queenzdz.com\/index.php\/wp-json\/wp\/v2\/product\/5750","targetHints":{"allow":["GET"]}}],"collection":[{"href":"https:\/\/queenzdz.com\/index.php\/wp-json\/wp\/v2\/product"}],"about":[{"href":"https:\/\/queenzdz.com\/index.php\/wp-json\/wp\/v2\/types\/product"}],"version-history":[{"count":3,"href":"https:\/\/queenzdz.com\/index.php\/wp-json\/wp\/v2\/product\/5750\/revisions"}],"predecessor-version":[{"id":7006,"href":"https:\/\/queenzdz.com\/index.php\/wp-json\/wp\/v2\/product\/5750\/revisions\/7006"}],"wp:featuredmedia":[{"embeddable":true,"href":"https:\/\/queenzdz.com\/index.php\/wp-json\/wp\/v2\/media\/5751"}],"wp:attachment":[{"href":"https:\/\/queenzdz.com\/index.php\/wp-json\/wp\/v2\/media?parent=5750"}],"wp:term":[{"taxonomy":"product_brand","embeddable":true,"href":"https:\/\/queenzdz.com\/index.php\/wp-json\/wp\/v2\/product_brand?post=5750"},{"taxonomy":"product_cat","embeddable":true,"href":"https:\/\/queenzdz.com\/index.php\/wp-json\/wp\/v2\/product_cat?post=5750"},{"taxonomy":"product_tag","embeddable":true,"href":"https:\/\/queenzdz.com\/index.php\/wp-json\/wp\/v2\/product_tag?post=5750"}],"curies":[{"name":"wp","href":"https:\/\/api.w.org\/{rel}","templated":true}]}}