{"id":6050,"date":"2024-11-01T11:12:43","date_gmt":"2024-11-01T10:12:43","guid":{"rendered":"https:\/\/queenzdz.com\/?post_type=product&#038;p=6050"},"modified":"2025-02-25T10:28:20","modified_gmt":"2025-02-25T09:28:20","slug":"manteau-pearl-cherry","status":"publish","type":"product","link":"https:\/\/queenzdz.com\/index.php\/product\/manteau-pearl-cherry\/","title":{"rendered":"Manteau Pearl &#8211; Cherry"},"content":{"rendered":"","protected":false},"excerpt":{"rendered":"<p>MANCHES LONGUES, COL LARGE, BOUTONS SUR LE DEVANT ET POCHES, D\u00c9TAILS DE CEINTURE SUR LES MANCHES, UNE CEINTURE DU M\u00caME TISSU, DOUBL\u00c9E \u00c0 L\u2019INT\u00c9RIEUR.<\/p>\n<p>Dimensions du mannequin :<br \/>\nHauteur : 166 cm Poids : 49 kg<\/p>\n<p>Tissu Cachemire doubl\u00e9.<br \/>\nTaille du mannequin : Taille S\/36<br \/>\nLongueur du produit : 124 cm<\/p>\n","protected":false},"featured_media":6052,"template":"","meta":[],"product_brand":[],"product_cat":[18],"product_tag":[],"class_list":{"0":"post-6050","1":"product","2":"type-product","3":"status-publish","4":"has-post-thumbnail","6":"product_cat-new-arrivals","8":"first","9":"outofstock","10":"purchasable","11":"product-type-variable","12":"has-default-attributes"},"aioseo_notices":[],"_links":{"self":[{"href":"https:\/\/queenzdz.com\/index.php\/wp-json\/wp\/v2\/product\/6050","targetHints":{"allow":["GET"]}}],"collection":[{"href":"https:\/\/queenzdz.com\/index.php\/wp-json\/wp\/v2\/product"}],"about":[{"href":"https:\/\/queenzdz.com\/index.php\/wp-json\/wp\/v2\/types\/product"}],"version-history":[{"count":3,"href":"https:\/\/queenzdz.com\/index.php\/wp-json\/wp\/v2\/product\/6050\/revisions"}],"predecessor-version":[{"id":6087,"href":"https:\/\/queenzdz.com\/index.php\/wp-json\/wp\/v2\/product\/6050\/revisions\/6087"}],"wp:featuredmedia":[{"embeddable":true,"href":"https:\/\/queenzdz.com\/index.php\/wp-json\/wp\/v2\/media\/6052"}],"wp:attachment":[{"href":"https:\/\/queenzdz.com\/index.php\/wp-json\/wp\/v2\/media?parent=6050"}],"wp:term":[{"taxonomy":"product_brand","embeddable":true,"href":"https:\/\/queenzdz.com\/index.php\/wp-json\/wp\/v2\/product_brand?post=6050"},{"taxonomy":"product_cat","embeddable":true,"href":"https:\/\/queenzdz.com\/index.php\/wp-json\/wp\/v2\/product_cat?post=6050"},{"taxonomy":"product_tag","embeddable":true,"href":"https:\/\/queenzdz.com\/index.php\/wp-json\/wp\/v2\/product_tag?post=6050"}],"curies":[{"name":"wp","href":"https:\/\/api.w.org\/{rel}","templated":true}]}}