{"id":6742,"date":"2024-12-17T21:23:24","date_gmt":"2024-12-17T20:23:24","guid":{"rendered":"https:\/\/queenzdz.com\/?post_type=product&#038;p=6742"},"modified":"2025-03-19T00:26:16","modified_gmt":"2025-03-18T23:26:16","slug":"trench-coat-avec-doublure-beige","status":"publish","type":"product","link":"https:\/\/queenzdz.com\/index.php\/product\/trench-coat-avec-doublure-beige\/","title":{"rendered":"Trench coat avec doublure &#8211; Beige"},"content":{"rendered":"","protected":false},"excerpt":{"rendered":"<p>D\u00e9tails du Produit:<br \/>\nTaille : Le trench-coat est en taille standard, il est con\u00e7u pour s\u2019adapter \u00e0 une large gamme de tailles du 36 au 48.<br \/>\nCoupe : Il a une coupe oversize, ce qui le rend appropri\u00e9 pour toutes les tailles.<br \/>\nDoublure : L\u2019int\u00e9rieur du trench-coat est doubl\u00e9.<br \/>\nCeinture : Il est \u00e9quip\u00e9 d\u2019une ceinture faite du m\u00eame tissu que le trench-coat.<br \/>\nLongueur : La longueur du trench-coat est de 120 cm.<\/p>\n<p>Mesures du Mannequin:<br \/>\nTaille : 165 cm<br \/>\nPoids : 49 kg<\/p>\n<p>Composition du Tissu:<br \/>\nTissu : Compos\u00e9 de 70 % de polyester, 22 % de viscose et 3 % d\u2019\u00e9lasthanne.<\/p>\n<p>Instructions de Lavage:<br \/>\nLes instructions pour le lavage et le repassage se trouvent sur l\u2019\u00e9tiquette int\u00e9rieure du produit. Il est important de suivre ces instructions pour garantir la durabilit\u00e9 du produit.<\/p>\n","protected":false},"featured_media":6745,"template":"","meta":[],"product_brand":[],"product_cat":[18,31,25],"product_tag":[],"class_list":{"0":"post-6742","1":"product","2":"type-product","3":"status-publish","4":"has-post-thumbnail","6":"product_cat-new-arrivals","7":"product_cat-coats-and-jackets","8":"product_cat-tops","10":"first","11":"outofstock","12":"purchasable","13":"product-type-variable","14":"has-default-attributes"},"aioseo_notices":[],"_links":{"self":[{"href":"https:\/\/queenzdz.com\/index.php\/wp-json\/wp\/v2\/product\/6742","targetHints":{"allow":["GET"]}}],"collection":[{"href":"https:\/\/queenzdz.com\/index.php\/wp-json\/wp\/v2\/product"}],"about":[{"href":"https:\/\/queenzdz.com\/index.php\/wp-json\/wp\/v2\/types\/product"}],"version-history":[{"count":1,"href":"https:\/\/queenzdz.com\/index.php\/wp-json\/wp\/v2\/product\/6742\/revisions"}],"predecessor-version":[{"id":6752,"href":"https:\/\/queenzdz.com\/index.php\/wp-json\/wp\/v2\/product\/6742\/revisions\/6752"}],"wp:featuredmedia":[{"embeddable":true,"href":"https:\/\/queenzdz.com\/index.php\/wp-json\/wp\/v2\/media\/6745"}],"wp:attachment":[{"href":"https:\/\/queenzdz.com\/index.php\/wp-json\/wp\/v2\/media?parent=6742"}],"wp:term":[{"taxonomy":"product_brand","embeddable":true,"href":"https:\/\/queenzdz.com\/index.php\/wp-json\/wp\/v2\/product_brand?post=6742"},{"taxonomy":"product_cat","embeddable":true,"href":"https:\/\/queenzdz.com\/index.php\/wp-json\/wp\/v2\/product_cat?post=6742"},{"taxonomy":"product_tag","embeddable":true,"href":"https:\/\/queenzdz.com\/index.php\/wp-json\/wp\/v2\/product_tag?post=6742"}],"curies":[{"name":"wp","href":"https:\/\/api.w.org\/{rel}","templated":true}]}}