{"id":7942,"date":"2025-02-28T20:17:06","date_gmt":"2025-02-28T19:17:06","guid":{"rendered":"https:\/\/queenzdz.com\/?post_type=product&#038;p=7942"},"modified":"2025-11-03T22:40:49","modified_gmt":"2025-11-03T21:40:49","slug":"blazer-fionna-avec-ceinture-mint-green-2","status":"publish","type":"product","link":"https:\/\/queenzdz.com\/index.php\/product\/blazer-fionna-avec-ceinture-mint-green-2\/","title":{"rendered":"Blazer Fionna avec ceinture &#8211; Mint green"},"content":{"rendered":"","protected":false},"excerpt":{"rendered":"<p>Longueur du produit : 75cm<\/p>\n<p>Mesures du mannequin :<br \/>\nTaille : 165 cm<br \/>\nPoids : 50 kg<\/p>\n<p>La taille S a \u00e9t\u00e9 utilis\u00e9e lors du shooting.<\/p>\n","protected":false},"featured_media":4868,"template":"","meta":[],"product_brand":[],"product_cat":[30,25],"product_tag":[],"class_list":{"0":"post-7942","1":"product","2":"type-product","3":"status-publish","4":"has-post-thumbnail","6":"product_cat-blazers","7":"product_cat-tops","9":"first","10":"instock","11":"sale","12":"purchasable","13":"product-type-variable","14":"has-default-attributes"},"aioseo_notices":[],"_links":{"self":[{"href":"https:\/\/queenzdz.com\/index.php\/wp-json\/wp\/v2\/product\/7942","targetHints":{"allow":["GET"]}}],"collection":[{"href":"https:\/\/queenzdz.com\/index.php\/wp-json\/wp\/v2\/product"}],"about":[{"href":"https:\/\/queenzdz.com\/index.php\/wp-json\/wp\/v2\/types\/product"}],"version-history":[{"count":1,"href":"https:\/\/queenzdz.com\/index.php\/wp-json\/wp\/v2\/product\/7942\/revisions"}],"predecessor-version":[{"id":7952,"href":"https:\/\/queenzdz.com\/index.php\/wp-json\/wp\/v2\/product\/7942\/revisions\/7952"}],"wp:featuredmedia":[{"embeddable":true,"href":"https:\/\/queenzdz.com\/index.php\/wp-json\/wp\/v2\/media\/4868"}],"wp:attachment":[{"href":"https:\/\/queenzdz.com\/index.php\/wp-json\/wp\/v2\/media?parent=7942"}],"wp:term":[{"taxonomy":"product_brand","embeddable":true,"href":"https:\/\/queenzdz.com\/index.php\/wp-json\/wp\/v2\/product_brand?post=7942"},{"taxonomy":"product_cat","embeddable":true,"href":"https:\/\/queenzdz.com\/index.php\/wp-json\/wp\/v2\/product_cat?post=7942"},{"taxonomy":"product_tag","embeddable":true,"href":"https:\/\/queenzdz.com\/index.php\/wp-json\/wp\/v2\/product_tag?post=7942"}],"curies":[{"name":"wp","href":"https:\/\/api.w.org\/{rel}","templated":true}]}}