{"id":8165,"date":"2025-03-12T00:11:17","date_gmt":"2025-03-11T23:11:17","guid":{"rendered":"https:\/\/queenzdz.com\/?post_type=product&#038;p=8165"},"modified":"2025-10-31T23:12:49","modified_gmt":"2025-10-31T22:12:49","slug":"blazer-cintre-khloe-limited-edition","status":"publish","type":"product","link":"https:\/\/queenzdz.com\/index.php\/product\/blazer-cintre-khloe-limited-edition\/","title":{"rendered":"Blazer cintr\u00e9 Khloe &#8211; Limited edition"},"content":{"rendered":"","protected":false},"excerpt":{"rendered":"<p>Caract\u00e9ristiques du produit:<br \/>\nVeste blazer \u00e0 manches longues, boutonn\u00e9e \u00e0 l&#8217;avant et sur les manches, doubl\u00e9e.<br \/>\nle blazer n&#8217;a pas une fente en ari\u00e8rre.<\/p>\n<p>Taille port\u00e9e : S \/ 36<\/p>\n<p>Composition du produit:<br \/>\n80 % Coton, 20 % Polyester<\/p>\n<p>Longueur du produit:<br \/>\n78 cm<\/p>\n","protected":false},"featured_media":8198,"template":"","meta":[],"product_brand":[],"product_cat":[30,25],"product_tag":[],"class_list":{"0":"post-8165","1":"product","2":"type-product","3":"status-publish","4":"has-post-thumbnail","6":"product_cat-blazers","7":"product_cat-tops","9":"first","10":"outofstock","11":"purchasable","12":"product-type-variable","13":"has-default-attributes"},"aioseo_notices":[],"_links":{"self":[{"href":"https:\/\/queenzdz.com\/index.php\/wp-json\/wp\/v2\/product\/8165","targetHints":{"allow":["GET"]}}],"collection":[{"href":"https:\/\/queenzdz.com\/index.php\/wp-json\/wp\/v2\/product"}],"about":[{"href":"https:\/\/queenzdz.com\/index.php\/wp-json\/wp\/v2\/types\/product"}],"version-history":[{"count":3,"href":"https:\/\/queenzdz.com\/index.php\/wp-json\/wp\/v2\/product\/8165\/revisions"}],"predecessor-version":[{"id":8201,"href":"https:\/\/queenzdz.com\/index.php\/wp-json\/wp\/v2\/product\/8165\/revisions\/8201"}],"wp:featuredmedia":[{"embeddable":true,"href":"https:\/\/queenzdz.com\/index.php\/wp-json\/wp\/v2\/media\/8198"}],"wp:attachment":[{"href":"https:\/\/queenzdz.com\/index.php\/wp-json\/wp\/v2\/media?parent=8165"}],"wp:term":[{"taxonomy":"product_brand","embeddable":true,"href":"https:\/\/queenzdz.com\/index.php\/wp-json\/wp\/v2\/product_brand?post=8165"},{"taxonomy":"product_cat","embeddable":true,"href":"https:\/\/queenzdz.com\/index.php\/wp-json\/wp\/v2\/product_cat?post=8165"},{"taxonomy":"product_tag","embeddable":true,"href":"https:\/\/queenzdz.com\/index.php\/wp-json\/wp\/v2\/product_tag?post=8165"}],"curies":[{"name":"wp","href":"https:\/\/api.w.org\/{rel}","templated":true}]}}