{"id":8241,"date":"2025-03-15T17:33:00","date_gmt":"2025-03-15T16:33:00","guid":{"rendered":"https:\/\/queenzdz.com\/?post_type=product&#038;p=8241"},"modified":"2025-08-01T20:21:41","modified_gmt":"2025-08-01T19:21:41","slug":"ensemble-viola-3pcs-gris-fonce","status":"publish","type":"product","link":"https:\/\/queenzdz.com\/index.php\/product\/ensemble-viola-3pcs-gris-fonce\/","title":{"rendered":"Costume Viola 3pcs &#8211; gris fonc\u00e9"},"content":{"rendered":"","protected":false},"excerpt":{"rendered":"<p>Costume \u00e0 3 pi\u00e8ces.<br \/>\nUne taille S a \u00e9t\u00e9 utilis\u00e9e lors du shooting<\/p>\n<p>Mesures du mannequin :<br \/>\nTaille : 165 cm<br \/>\nPoids : 50 kg<br \/>\nTour de taille : 61 cm<br \/>\nTour de hanches : 88 cm<br \/>\nTour de poitrine : 75B<\/p>\n","protected":false},"featured_media":8242,"template":"","meta":[],"product_brand":[],"product_cat":[18,24],"product_tag":[],"class_list":{"0":"post-8241","1":"product","2":"type-product","3":"status-publish","4":"has-post-thumbnail","6":"product_cat-new-arrivals","7":"product_cat-sets","9":"first","10":"outofstock","11":"purchasable","12":"product-type-variable","13":"has-default-attributes"},"aioseo_notices":[],"_links":{"self":[{"href":"https:\/\/queenzdz.com\/index.php\/wp-json\/wp\/v2\/product\/8241","targetHints":{"allow":["GET"]}}],"collection":[{"href":"https:\/\/queenzdz.com\/index.php\/wp-json\/wp\/v2\/product"}],"about":[{"href":"https:\/\/queenzdz.com\/index.php\/wp-json\/wp\/v2\/types\/product"}],"version-history":[{"count":2,"href":"https:\/\/queenzdz.com\/index.php\/wp-json\/wp\/v2\/product\/8241\/revisions"}],"predecessor-version":[{"id":8250,"href":"https:\/\/queenzdz.com\/index.php\/wp-json\/wp\/v2\/product\/8241\/revisions\/8250"}],"wp:featuredmedia":[{"embeddable":true,"href":"https:\/\/queenzdz.com\/index.php\/wp-json\/wp\/v2\/media\/8242"}],"wp:attachment":[{"href":"https:\/\/queenzdz.com\/index.php\/wp-json\/wp\/v2\/media?parent=8241"}],"wp:term":[{"taxonomy":"product_brand","embeddable":true,"href":"https:\/\/queenzdz.com\/index.php\/wp-json\/wp\/v2\/product_brand?post=8241"},{"taxonomy":"product_cat","embeddable":true,"href":"https:\/\/queenzdz.com\/index.php\/wp-json\/wp\/v2\/product_cat?post=8241"},{"taxonomy":"product_tag","embeddable":true,"href":"https:\/\/queenzdz.com\/index.php\/wp-json\/wp\/v2\/product_tag?post=8241"}],"curies":[{"name":"wp","href":"https:\/\/api.w.org\/{rel}","templated":true}]}}