{"id":9949,"date":"2025-04-28T00:22:57","date_gmt":"2025-04-27T23:22:57","guid":{"rendered":"https:\/\/queenzdz.com\/?post_type=product&#038;p=9949"},"modified":"2025-10-31T16:09:06","modified_gmt":"2025-10-31T15:09:06","slug":"blazer-sophie","status":"publish","type":"product","link":"https:\/\/queenzdz.com\/index.php\/product\/blazer-sophie\/","title":{"rendered":"Blazer Sophie"},"content":{"rendered":"","protected":false},"excerpt":{"rendered":"<p>Blazer chic avec bouton dor\u00e9 et \u00e0 un tissu doubl\u00e9.<br \/>\nlongueur; 67cm<\/p>\n","protected":false},"featured_media":9950,"template":"","meta":[],"product_brand":[],"product_cat":[30,25],"product_tag":[],"class_list":{"0":"post-9949","1":"product","2":"type-product","3":"status-publish","4":"has-post-thumbnail","6":"product_cat-blazers","7":"product_cat-tops","9":"first","10":"instock","11":"purchasable","12":"product-type-variable","13":"has-default-attributes"},"aioseo_notices":[],"_links":{"self":[{"href":"https:\/\/queenzdz.com\/index.php\/wp-json\/wp\/v2\/product\/9949","targetHints":{"allow":["GET"]}}],"collection":[{"href":"https:\/\/queenzdz.com\/index.php\/wp-json\/wp\/v2\/product"}],"about":[{"href":"https:\/\/queenzdz.com\/index.php\/wp-json\/wp\/v2\/types\/product"}],"version-history":[{"count":2,"href":"https:\/\/queenzdz.com\/index.php\/wp-json\/wp\/v2\/product\/9949\/revisions"}],"predecessor-version":[{"id":9972,"href":"https:\/\/queenzdz.com\/index.php\/wp-json\/wp\/v2\/product\/9949\/revisions\/9972"}],"wp:featuredmedia":[{"embeddable":true,"href":"https:\/\/queenzdz.com\/index.php\/wp-json\/wp\/v2\/media\/9950"}],"wp:attachment":[{"href":"https:\/\/queenzdz.com\/index.php\/wp-json\/wp\/v2\/media?parent=9949"}],"wp:term":[{"taxonomy":"product_brand","embeddable":true,"href":"https:\/\/queenzdz.com\/index.php\/wp-json\/wp\/v2\/product_brand?post=9949"},{"taxonomy":"product_cat","embeddable":true,"href":"https:\/\/queenzdz.com\/index.php\/wp-json\/wp\/v2\/product_cat?post=9949"},{"taxonomy":"product_tag","embeddable":true,"href":"https:\/\/queenzdz.com\/index.php\/wp-json\/wp\/v2\/product_tag?post=9949"}],"curies":[{"name":"wp","href":"https:\/\/api.w.org\/{rel}","templated":true}]}}