{"id":9984,"date":"2025-04-29T08:58:58","date_gmt":"2025-04-29T07:58:58","guid":{"rendered":"https:\/\/queenzdz.com\/?post_type=product&#038;p=9984"},"modified":"2025-10-31T16:08:53","modified_gmt":"2025-10-31T15:08:53","slug":"chemise-caroline","status":"publish","type":"product","link":"https:\/\/queenzdz.com\/index.php\/product\/chemise-caroline\/","title":{"rendered":"Chemise Caroline"},"content":{"rendered":"","protected":false},"excerpt":{"rendered":"<p>Longueur de la chemise: 75cm<br \/>\nMannequin: 167cm\/56kg<br \/>\nla taille S a \u00e9t\u00e9 utilis\u00e9 lors du shooting.<\/p>\n","protected":false},"featured_media":10301,"template":"","meta":[],"product_brand":[],"product_cat":[29,25],"product_tag":[],"class_list":{"0":"post-9984","1":"product","2":"type-product","3":"status-publish","4":"has-post-thumbnail","6":"product_cat-shirts-and-blouses","7":"product_cat-tops","9":"first","10":"instock","11":"purchasable","12":"product-type-variable","13":"has-default-attributes"},"aioseo_notices":[],"_links":{"self":[{"href":"https:\/\/queenzdz.com\/index.php\/wp-json\/wp\/v2\/product\/9984","targetHints":{"allow":["GET"]}}],"collection":[{"href":"https:\/\/queenzdz.com\/index.php\/wp-json\/wp\/v2\/product"}],"about":[{"href":"https:\/\/queenzdz.com\/index.php\/wp-json\/wp\/v2\/types\/product"}],"version-history":[{"count":2,"href":"https:\/\/queenzdz.com\/index.php\/wp-json\/wp\/v2\/product\/9984\/revisions"}],"predecessor-version":[{"id":10304,"href":"https:\/\/queenzdz.com\/index.php\/wp-json\/wp\/v2\/product\/9984\/revisions\/10304"}],"wp:featuredmedia":[{"embeddable":true,"href":"https:\/\/queenzdz.com\/index.php\/wp-json\/wp\/v2\/media\/10301"}],"wp:attachment":[{"href":"https:\/\/queenzdz.com\/index.php\/wp-json\/wp\/v2\/media?parent=9984"}],"wp:term":[{"taxonomy":"product_brand","embeddable":true,"href":"https:\/\/queenzdz.com\/index.php\/wp-json\/wp\/v2\/product_brand?post=9984"},{"taxonomy":"product_cat","embeddable":true,"href":"https:\/\/queenzdz.com\/index.php\/wp-json\/wp\/v2\/product_cat?post=9984"},{"taxonomy":"product_tag","embeddable":true,"href":"https:\/\/queenzdz.com\/index.php\/wp-json\/wp\/v2\/product_tag?post=9984"}],"curies":[{"name":"wp","href":"https:\/\/api.w.org\/{rel}","templated":true}]}}